{"id":2,"date":"2020-06-10T17:37:45","date_gmt":"2020-06-10T17:37:45","guid":{"rendered":"http:\/\/www.rahvaanmusiikinkerho.net\/?page_id=2"},"modified":"2026-05-01T12:18:37","modified_gmt":"2026-05-01T12:18:37","slug":"sample-page","status":"publish","type":"page","link":"https:\/\/www.rahvaanmusiikinkerho.net\/","title":{"rendered":"Kev\u00e4t 2026"},"content":{"rendered":"\n<p class=\"has-text-align-center\" style=\"font-size:24px\">to 8.1. Stenari, Don Lupo &amp; Pekko K\u00e4ppi<br><br>to 5.2. Suden aika<br><a href=\"https:\/\/www.rahvaanmusiikinkerho.net\/?page_id=52\" data-type=\"page\" data-id=\"52\"><br><\/a>to 12.3. Anton V. Kivi, Mikko Perkoila<br><br>to 9.4. Lotta Maija, Jimmy Tr\u00e4skelin<br><br><a href=\"https:\/\/www.rahvaanmusiikinkerho.net\/?page_id=52\" data-type=\"page\" data-id=\"52\">to 7.5. Loimolan voima &#8211;&gt;<\/a><\/p>\n\n\n\n<p class=\"has-text-align-center has-normal-font-size\">Iltojen ohjelma:<br>19.30 lipunmyynti<br>20.00 keikka alkaa<\/p>\n\n\n\n<p class=\"has-text-align-center has-normal-font-size\"><a href=\"https:\/\/www.tiketti.fi\/rahvaanmusiikin-kerho-anton-v-kivi-mikko-perkoila-lippuja\/115224\">Liput<\/a> 15\u20ac \/ 10\u20ac<\/p>\n\n\n\n<p class=\"has-text-align-center has-small-font-size\">Normaalihintainen lippu Rahvaanmusiikin kerhon klubi-iltaan on 15 \u20ac. Saat sen ostettua ovelta tai <a href=\"https:\/\/www.tiketti.fi\/rahvaanmusiikin-kerho-anton-v-kivi-mikko-perkoila-lippuja\/115224\">tiketti.fi-palvelusta<\/a>. Alennushintaisia lippuja 10 \u20ac on saatavilla vain ovelta ostettaessa Rahvaanmusiikin kerhon klubi-iltoina. Alennushintaiseen lippuun ovat oikeutettuja Rahvaanmusiikin kerhon j\u00e4senet, opiskelijat ja el\u00e4kel\u00e4iset.<\/p>\n\n\n\n<p class=\"has-text-align-center\" style=\"font-size:14px\"><strong><a href=\"http:\/\/www.telakka.eu\/\" data-type=\"URL\" data-id=\"http:\/\/www.telakka.eu\/\" target=\"_blank\" rel=\"noreferrer noopener\">KULTTUURITALO TELAKKA<\/a><br>Tullikamarin aukio 3, Tampere<\/strong><\/p>\n\n\n\n<hr class=\"wp-block-separator has-text-color has-background has-blue-background-color has-blue-color is-style-default\"\/>\n\n\n\n<p class=\"has-text-align-center\">Rahvaanmusiikin kerho ry j\u00e4rjest\u00e4\u00e4 kansanmusiikki-iltoja Kulttuuritalo Telakalla (Tullikamarin aukio 3, Tampere) kerran kuussa torstaisin klo 20 alkaen, kes\u00e4kuukausia lukuunottamatta.<\/p>\n\n\n\n<p class=\"has-text-align-center\">Yhdistyksen yhteydess\u00e4 toimii my\u00f6s eritt\u00e4in aktiivinen jamitoiminta. Kaikille avoimia kansanmusiikkijameja on noin kaksi kertaa kuukaudessa, ja aina mahdollisuuksien mukaan klubi-iltoina Telakan toisessa kerroksessa. K\u00e4yth\u00e4n tutustumassa aktiiviseen jamitoimintaamme <a href=\"https:\/\/www.rahvaanmusiikinkerho.net\/?page_id=461\" data-type=\"page\" data-id=\"461\">Rahvaan jamit<\/a> -v\u00e4lilehdelt\u00e4!<\/p>\n\n\n\n<p class=\"has-text-align-center\">Rahvaanmusiikin kerho ry:n j\u00e4seneksi voit liitty\u00e4 <a href=\"https:\/\/www.rahvaanmusiikinkerho.net\/?page_id=272\" data-type=\"page\" data-id=\"272\">t\u00e4\u00e4lt\u00e4<\/a> tai klubi-iltoina Kulttuuritalo Telakalla. J\u00e4senyys maksaa 15\u20ac ja on voimassa yhden kalenterivuoden (tammi-joulukuu). J\u00e4senyydell\u00e4 saat j\u00e4senhintaisen p\u00e4\u00e4sylipun ja muita etuja.<\/p>\n\n\n\n<div class=\"wp-block-group\"><div class=\"wp-block-group__inner-container\">\n<hr class=\"wp-block-separator alignwide is-style-wide\"\/>\n\n\n\n<hr class=\"wp-block-separator has-text-color has-background has-blue-background-color has-blue-color\"\/>\n\n\n\n<p><\/p>\n<\/div><\/div>\n\n\n\n<p class=\"has-text-align-center\" style=\"font-size:32px\">Telakalla tavataan!<\/p>\n\n\n\n<p><a rel=\"noreferrer noopener\" href=\"http:\/\/www.rahvaanmusiikinkerho.net\/oldpage\" target=\"_blank\">Linkki vanhoille sivuille<\/a>.<\/p>\n","protected":false},"excerpt":{"rendered":"<p>to 8.1. Stenari, Don Lupo &amp; Pekko K\u00e4ppi to 5.2. Suden aikato 12.3. Anton V. Kivi, Mikko Perkoila to 9.4. Lotta Maija, Jimmy Tr\u00e4skelin to 7.5. Loimolan voima &#8211;&gt; Iltojen<a href=\"https:\/\/www.rahvaanmusiikinkerho.net\/\" class=\"more-link\"><span class=\"readmore\">Continue reading<span class=\"screen-reader-text\">Kev\u00e4t 2026<\/span><\/span><\/a><\/p>\n","protected":false},"author":1,"featured_media":0,"parent":0,"menu_order":1,"comment_status":"closed","ping_status":"open","template":"","meta":[],"_links":{"self":[{"href":"https:\/\/www.rahvaanmusiikinkerho.net\/index.php?rest_route=\/wp\/v2\/pages\/2"}],"collection":[{"href":"https:\/\/www.rahvaanmusiikinkerho.net\/index.php?rest_route=\/wp\/v2\/pages"}],"about":[{"href":"https:\/\/www.rahvaanmusiikinkerho.net\/index.php?rest_route=\/wp\/v2\/types\/page"}],"author":[{"embeddable":true,"href":"https:\/\/www.rahvaanmusiikinkerho.net\/index.php?rest_route=\/wp\/v2\/users\/1"}],"replies":[{"embeddable":true,"href":"https:\/\/www.rahvaanmusiikinkerho.net\/index.php?rest_route=%2Fwp%2Fv2%2Fcomments&post=2"}],"version-history":[{"count":278,"href":"https:\/\/www.rahvaanmusiikinkerho.net\/index.php?rest_route=\/wp\/v2\/pages\/2\/revisions"}],"predecessor-version":[{"id":1240,"href":"https:\/\/www.rahvaanmusiikinkerho.net\/index.php?rest_route=\/wp\/v2\/pages\/2\/revisions\/1240"}],"wp:attachment":[{"href":"https:\/\/www.rahvaanmusiikinkerho.net\/index.php?rest_route=%2Fwp%2Fv2%2Fmedia&parent=2"}],"curies":[{"name":"wp","href":"https:\/\/api.w.org\/{rel}","templated":true}]}}